{"id":2207,"date":"2019-06-19T11:14:51","date_gmt":"2019-06-19T17:14:51","guid":{"rendered":"http:\/\/nasodio.com\/home\/?page_id=2207"},"modified":"2019-09-03T16:22:02","modified_gmt":"2019-09-03T22:22:02","slug":"chocolates-rocio","status":"publish","type":"page","link":"https:\/\/nasodio.com\/home\/chocolates-rocio\/","title":{"rendered":"Chocolates Roc\u00edo"},"content":{"rendered":"<p>[vc_row][vc_column width=&#8221;1\/1&#8243;][vc_row_inner el_class=&#8221;fixed&#8221;][vc_column_inner width=&#8221;1\/1&#8243; offset=&#8221;vc_hidden-lg vc_hidden-md vc_hidden-sm&#8221;][vc_column_text c_id=&#8221;.vc_1473786443468&#8243; el_class=&#8221;logocel&#8221;]<a href=\"http:\/\/nasodio.com\/home\/\"><img decoding=\"async\" class=\"alignnone wp-image-254 size-full\" src=\"http:\/\/nasodio.com\/home\/wp-content\/uploads\/2016\/08\/logosodio.png\" alt=\"logosodio\" width=\"335\" height=\"110\" \/><\/a>[\/vc_column_text][\/vc_column_inner][\/vc_row_inner][vc_row_inner el_class=&#8221;fixed&#8221;][vc_column_inner width=&#8221;1\/1&#8243; offset=&#8221;vc_hidden-xs&#8221;][vc_column_text c_id=&#8221;.vc_1473786461502&#8243; el_class=&#8221;logo&#8221;]<a href=\"http:\/\/nasodio.com\/home\/\"><img decoding=\"async\" class=\"alignleft wp-image-34 size-full\" src=\"http:\/\/nasodio.com\/home\/wp-content\/uploads\/2016\/08\/logo.png\" alt=\"logo\" width=\"152\" height=\"49\" srcset=\"https:\/\/nasodio.com\/home\/wp-content\/uploads\/2016\/08\/logo.png 152w, https:\/\/nasodio.com\/home\/wp-content\/uploads\/2016\/08\/logo-150x49.png 150w\" sizes=\"(max-width: 152px) 100vw, 152px\" \/><\/a>[\/vc_column_text][\/vc_column_inner][\/vc_row_inner][vc_row_inner el_class=&#8221;fixed&#8221;][vc_column_inner width=&#8221;1\/1&#8243; offset=&#8221;vc_hidden-xs&#8221;][vc_column_text c_id=&#8221;.vc_1473786370636&#8243; p_css=&#8221;font-family:Stan;color:#000000;&#8221; link_css=&#8221;color:#000000;&#8221; list_css=&#8221;font-family:Stan;color:#000000;font-size:20px;&#8221; el_class=&#8221;men&#8221;]<\/p>\n<ul>\n<li style=\"text-align: left;\"><a href=\"http:\/\/nasodio.com\/home\/Archive\"><span style=\"color: #000000;\">Archive<\/span><\/a><\/li>\n<\/ul>\n<p>[\/vc_column_text][\/vc_column_inner][\/vc_row_inner][vc_row_inner el_class=&#8221;fixed&#8221;][vc_column_inner width=&#8221;1\/1&#8243; offset=&#8221;vc_hidden-lg vc_hidden-md vc_hidden-sm&#8221;][vc_column_text c_id=&#8221;.vc_1473786404024&#8243; p_css=&#8221;font-family:Stan;color:#000000;&#8221; link_css=&#8221;color:#000000;&#8221; list_css=&#8221;font-family:Stan;color:#000000;font-size:20px;&#8221; el_class=&#8221;menmov&#8221;]<\/p>\n<ul>\n<li style=\"text-align: left;\"><a href=\"http:\/\/nasodio.com\/home\/Archive\"><span style=\"color: #000000;\">Archive<\/span><\/a><\/li>\n<\/ul>\n<p>[\/vc_column_text][\/vc_column_inner][\/vc_row_inner][vc_row_inner p_top=&#8221;0&#8243; p_bottom=&#8221;0&#8243; m_top=&#8221;0&#8243; m_bottom=&#8221;0&#8243;][vc_column_inner width=&#8221;1\/1&#8243; offset=&#8221;vc_col-xs-12&#8243; css=&#8221;.vc_custom_1509658029675{margin-bottom: 45px !important;}&#8221;][vc_single_image source=&#8221;media_library&#8221; image=&#8221;2216&#8243; alignment=&#8221;center&#8221; img_size=&#8221;full&#8221;][\/vc_column_inner][\/vc_row_inner][vc_row_inner][vc_column_inner width=&#8221;1\/2&#8243; offset=&#8221;vc_col-xs-6&#8243;][vc_column_text c_id=&#8221;.vc_1560964966102&#8243;]<img fetchpriority=\"high\" decoding=\"async\" class=\"aligncenter size-full wp-image-2224\" src=\"http:\/\/nasodio.com\/home\/wp-content\/uploads\/2019\/06\/Rocio_10_2.jpg\" alt=\"Rocio_10_2\" width=\"1280\" height=\"1920\" srcset=\"https:\/\/nasodio.com\/home\/wp-content\/uploads\/2019\/06\/Rocio_10_2.jpg 1280w, https:\/\/nasodio.com\/home\/wp-content\/uploads\/2019\/06\/Rocio_10_2-320x480.jpg 320w, https:\/\/nasodio.com\/home\/wp-content\/uploads\/2019\/06\/Rocio_10_2-768x1152.jpg 768w, https:\/\/nasodio.com\/home\/wp-content\/uploads\/2019\/06\/Rocio_10_2-800x1200.jpg 800w, https:\/\/nasodio.com\/home\/wp-content\/uploads\/2019\/06\/Rocio_10_2-180x270.jpg 180w, https:\/\/nasodio.com\/home\/wp-content\/uploads\/2019\/06\/Rocio_10_2-520x780.jpg 520w, https:\/\/nasodio.com\/home\/wp-content\/uploads\/2019\/06\/Rocio_10_2-293x439.jpg 293w, https:\/\/nasodio.com\/home\/wp-content\/uploads\/2019\/06\/Rocio_10_2-450x675.jpg 450w, https:\/\/nasodio.com\/home\/wp-content\/uploads\/2019\/06\/Rocio_10_2-587x880.jpg 587w\" sizes=\"(max-width: 1280px) 100vw, 1280px\" \/>[\/vc_column_text][\/vc_column_inner][vc_column_inner width=&#8221;1\/2&#8243; offset=&#8221;vc_col-xs-6 vc_hidden-xs&#8221;][vc_column_text c_id=&#8221;.vc_1561086639007&#8243; h5_css=&#8221;font-family:stanb;color:#000000;&#8221; p_css=&#8221;font-family:Stan;&#8221; el_class=&#8221;textos&#8221;]<span style=\"color: #000000; font-family: stanb;\"><span style=\"caret-color: #000000;\">Chocolate Roc\u00edo<\/span><\/span><br \/>\n<span style=\"color: #000000; font-family: stan;\">Identidad<\/span><\/p>\n<p style=\"text-align: justify; line-height: 16pt;\"><span style=\"color: #000000; font-family: stan; font-size: 10pt;\">Roc\u00edo es una empresa enfocada en la transformaci\u00f3n del cacao de forma artesanal. Su objetivo es crear un chocolate de alta calidad que sea capaz de conquistar los paladares mas exigentes controlando el proceso de fabricaci\u00f3n desde su origen hasta el producto final. <\/span><\/p>\n<p style=\"text-align: justify; line-height: 16pt;\"><span style=\"color: #000000; font-family: stan; font-size: 10pt;\">La identidad de Roc\u00edo esta compuesta por abstracciones de las herramientas e ingredientes utilizados en la recolecci\u00f3n del cacao creando estos elementos de formas simples y org\u00e1nicas. Tenemos una paleta de colores saturados la cual en conjunto con una tipograf\u00eda muy particular logra generar una identidad \u00fanica que invita al publico a conocer la historia detr\u00e1s de una barra de chocolate Roc\u00edo.<\/span><\/p>\n<p style=\"text-align: justify; line-height: 16pt;\"><span style=\"color: #cccccc; font-family: atl; font-size: 10pt;\">Roc\u00edo is a company focused on the transformation of cacao in an artisanal way. Its objective is to create a high quality chocolate that is able to conquer the most demanding palates by controlling the manufacturing process from its origin to the final product.<\/span><\/p>\n<p style=\"text-align: justify; line-height: 16pt;\"><span style=\"color: #cccccc; font-family: atl; font-size: 10pt;\">Roc\u00edo&#8217;s identity is composed of abstractions of the tools and ingredients used in the collection of cocoa creating these elements of simple and organic forms. We have a saturated color palette which, in conjunction with a very particular type, manages to generate a unique identity that invites the public to know the story behind a chocolate bar Roc\u00edo.<\/span><\/p>\n<p>[\/vc_column_text][\/vc_column_inner][\/vc_row_inner][vc_row_inner][vc_column_inner width=&#8221;1\/2&#8243; offset=&#8221;vc_col-xs-6&#8243;][vc_column_text c_id=&#8221;.vc_1560964219671&#8243;]<img loading=\"lazy\" decoding=\"async\" class=\"aligncenter size-full wp-image-2213\" src=\"http:\/\/nasodio.com\/home\/wp-content\/uploads\/2019\/06\/Rocio_5.jpg\" alt=\"Rocio_5\" width=\"1920\" height=\"1280\" srcset=\"https:\/\/nasodio.com\/home\/wp-content\/uploads\/2019\/06\/Rocio_5.jpg 1920w, https:\/\/nasodio.com\/home\/wp-content\/uploads\/2019\/06\/Rocio_5-480x320.jpg 480w, https:\/\/nasodio.com\/home\/wp-content\/uploads\/2019\/06\/Rocio_5-768x512.jpg 768w, https:\/\/nasodio.com\/home\/wp-content\/uploads\/2019\/06\/Rocio_5-1200x800.jpg 1200w, https:\/\/nasodio.com\/home\/wp-content\/uploads\/2019\/06\/Rocio_5-405x270.jpg 405w, https:\/\/nasodio.com\/home\/wp-content\/uploads\/2019\/06\/Rocio_5-780x520.jpg 780w, https:\/\/nasodio.com\/home\/wp-content\/uploads\/2019\/06\/Rocio_5-659x439.jpg 659w, https:\/\/nasodio.com\/home\/wp-content\/uploads\/2019\/06\/Rocio_5-1013x675.jpg 1013w, https:\/\/nasodio.com\/home\/wp-content\/uploads\/2019\/06\/Rocio_5-880x587.jpg 880w\" sizes=\"(max-width: 1920px) 100vw, 1920px\" \/>[\/vc_column_text][\/vc_column_inner][vc_column_inner width=&#8221;1\/2&#8243; offset=&#8221;vc_col-xs-6&#8243;][vc_column_text c_id=&#8221;.vc_1560964245142&#8243;]<img loading=\"lazy\" decoding=\"async\" class=\"aligncenter size-full wp-image-2214\" src=\"http:\/\/nasodio.com\/home\/wp-content\/uploads\/2019\/06\/Rocio_6.jpg\" alt=\"Rocio_6\" width=\"1920\" height=\"1281\" srcset=\"https:\/\/nasodio.com\/home\/wp-content\/uploads\/2019\/06\/Rocio_6.jpg 1920w, https:\/\/nasodio.com\/home\/wp-content\/uploads\/2019\/06\/Rocio_6-480x320.jpg 480w, https:\/\/nasodio.com\/home\/wp-content\/uploads\/2019\/06\/Rocio_6-768x512.jpg 768w, https:\/\/nasodio.com\/home\/wp-content\/uploads\/2019\/06\/Rocio_6-1200x801.jpg 1200w, https:\/\/nasodio.com\/home\/wp-content\/uploads\/2019\/06\/Rocio_6-405x270.jpg 405w, https:\/\/nasodio.com\/home\/wp-content\/uploads\/2019\/06\/Rocio_6-780x520.jpg 780w, https:\/\/nasodio.com\/home\/wp-content\/uploads\/2019\/06\/Rocio_6-658x439.jpg 658w, https:\/\/nasodio.com\/home\/wp-content\/uploads\/2019\/06\/Rocio_6-1012x675.jpg 1012w, https:\/\/nasodio.com\/home\/wp-content\/uploads\/2019\/06\/Rocio_6-880x587.jpg 880w\" sizes=\"(max-width: 1920px) 100vw, 1920px\" \/>[\/vc_column_text][\/vc_column_inner][\/vc_row_inner][vc_row_inner p_top=&#8221;0&#8243; p_bottom=&#8221;0&#8243; m_top=&#8221;0&#8243; m_bottom=&#8221;0&#8243;][vc_column_inner width=&#8221;1\/1&#8243; offset=&#8221;vc_hidden-lg vc_hidden-md vc_hidden-sm vc_col-xs-12&#8243;][vc_column_text c_id=&#8221;.vc_1561086816901&#8243; h5_css=&#8221;font-family:stanb;color:#000000;&#8221; p_css=&#8221;font-family:Stan;&#8221; el_class=&#8221;textos&#8221; css=&#8221;.vc_custom_1561086816900{margin-bottom: 45px !important;}&#8221;]<span style=\"color: #000000; font-family: stanb;\"><span style=\"caret-color: #000000;\">Chocolate Roc\u00edo<\/span><\/span><br \/>\n<span style=\"color: #000000; font-family: stan;\">Identidad<\/span><\/p>\n<p style=\"text-align: justify; line-height: 16pt;\"><span style=\"color: #000000; font-family: stan; font-size: 10pt;\">Roc\u00edo es una empresa enfocada en la transformaci\u00f3n del cacao de forma artesanal. Su objetivo es crear un chocolate de alta calidad que sea capaz de conquistar los paladares mas exigentes controlando el proceso de fabricaci\u00f3n desde su origen hasta el producto final.<\/span><\/p>\n<p style=\"text-align: justify; line-height: 16pt;\"><span style=\"color: #000000; font-family: stan; font-size: 10pt;\">La identidad de Roc\u00edo esta compuesta por abstracciones de las herramientas e ingredientes utilizados en la recolecci\u00f3n del cacao creando estos elementos de formas simples y org\u00e1nicas. Tenemos una paleta de colores saturados la cual en conjunto con una tipograf\u00eda muy particular logra generar una identidad \u00fanica que invita al publico a conocer la historia detr\u00e1s de una barra de chocolate Roc\u00edo.<\/span><\/p>\n<p style=\"text-align: justify; line-height: 16pt;\"><span style=\"color: #cccccc; font-family: atl; font-size: 10pt;\">Roc\u00edo is a company focused on the transformation of cacao in an artisanal way. Its objective is to create a high quality chocolate that is able to conquer the most demanding palates by controlling the manufacturing process from its origin to the final product.<\/span><\/p>\n<p style=\"text-align: justify; line-height: 16pt;\"><span style=\"color: #cccccc; font-family: atl; font-size: 10pt;\">Roc\u00edo&#8217;s identity is composed of abstractions of the tools and ingredients used in the collection of cocoa creating these elements of simple and organic forms. We have a saturated color palette which, in conjunction with a very particular type, manages to generate a unique identity that invites the public to know the story behind a chocolate bar Roc\u00edo.<\/span><\/p>\n<p>[\/vc_column_text][\/vc_column_inner][\/vc_row_inner][vc_row_inner][vc_column_inner width=&#8221;1\/1&#8243; offset=&#8221;vc_col-xs-12&#8243;][vc_column_text c_id=&#8221;.vc_1560964271258&#8243;]<img loading=\"lazy\" decoding=\"async\" class=\"aligncenter size-full wp-image-2219\" src=\"http:\/\/nasodio.com\/home\/wp-content\/uploads\/2019\/06\/Rocio_11.jpg\" alt=\"Rocio_11\" width=\"1920\" height=\"1280\" srcset=\"https:\/\/nasodio.com\/home\/wp-content\/uploads\/2019\/06\/Rocio_11.jpg 1920w, https:\/\/nasodio.com\/home\/wp-content\/uploads\/2019\/06\/Rocio_11-480x320.jpg 480w, https:\/\/nasodio.com\/home\/wp-content\/uploads\/2019\/06\/Rocio_11-768x512.jpg 768w, https:\/\/nasodio.com\/home\/wp-content\/uploads\/2019\/06\/Rocio_11-1200x800.jpg 1200w, https:\/\/nasodio.com\/home\/wp-content\/uploads\/2019\/06\/Rocio_11-405x270.jpg 405w, https:\/\/nasodio.com\/home\/wp-content\/uploads\/2019\/06\/Rocio_11-780x520.jpg 780w, https:\/\/nasodio.com\/home\/wp-content\/uploads\/2019\/06\/Rocio_11-659x439.jpg 659w, https:\/\/nasodio.com\/home\/wp-content\/uploads\/2019\/06\/Rocio_11-1013x675.jpg 1013w, https:\/\/nasodio.com\/home\/wp-content\/uploads\/2019\/06\/Rocio_11-880x587.jpg 880w\" sizes=\"(max-width: 1920px) 100vw, 1920px\" \/>[\/vc_column_text][\/vc_column_inner][\/vc_row_inner][vc_row_inner][vc_column_inner width=&#8221;1\/3&#8243; offset=&#8221;vc_col-xs-3&#8243;][\/vc_column_inner][vc_column_inner width=&#8221;1\/3&#8243; offset=&#8221;vc_col-xs-6&#8243;][vc_column_text c_id=&#8221;.vc_1560964344304&#8243;]<img loading=\"lazy\" decoding=\"async\" class=\"aligncenter size-full wp-image-2220\" src=\"http:\/\/nasodio.com\/home\/wp-content\/uploads\/2019\/06\/Rocio_Gif_s.gif\" alt=\"Rocio_Gif_s\" width=\"600\" height=\"900\" \/>[\/vc_column_text][\/vc_column_inner][vc_column_inner width=&#8221;1\/3&#8243; offset=&#8221;vc_col-xs-3&#8243;][\/vc_column_inner][\/vc_row_inner][vc_row_inner][vc_column_inner width=&#8221;1\/2&#8243; offset=&#8221;vc_col-xs-6&#8243;][vc_column_text c_id=&#8221;.vc_1560964408083&#8243;]<img loading=\"lazy\" decoding=\"async\" class=\"aligncenter size-full wp-image-2217\" src=\"http:\/\/nasodio.com\/home\/wp-content\/uploads\/2019\/06\/Rocio_9.jpg\" alt=\"Rocio_9\" width=\"1920\" height=\"1280\" srcset=\"https:\/\/nasodio.com\/home\/wp-content\/uploads\/2019\/06\/Rocio_9.jpg 1920w, https:\/\/nasodio.com\/home\/wp-content\/uploads\/2019\/06\/Rocio_9-480x320.jpg 480w, https:\/\/nasodio.com\/home\/wp-content\/uploads\/2019\/06\/Rocio_9-768x512.jpg 768w, https:\/\/nasodio.com\/home\/wp-content\/uploads\/2019\/06\/Rocio_9-1200x800.jpg 1200w, https:\/\/nasodio.com\/home\/wp-content\/uploads\/2019\/06\/Rocio_9-405x270.jpg 405w, https:\/\/nasodio.com\/home\/wp-content\/uploads\/2019\/06\/Rocio_9-780x520.jpg 780w, https:\/\/nasodio.com\/home\/wp-content\/uploads\/2019\/06\/Rocio_9-659x439.jpg 659w, https:\/\/nasodio.com\/home\/wp-content\/uploads\/2019\/06\/Rocio_9-1013x675.jpg 1013w, https:\/\/nasodio.com\/home\/wp-content\/uploads\/2019\/06\/Rocio_9-880x587.jpg 880w\" sizes=\"(max-width: 1920px) 100vw, 1920px\" \/>[\/vc_column_text][\/vc_column_inner][vc_column_inner width=&#8221;1\/2&#8243; offset=&#8221;vc_col-xs-6&#8243;][vc_column_text c_id=&#8221;.vc_1560964425924&#8243;]<img loading=\"lazy\" decoding=\"async\" class=\"aligncenter size-full wp-image-2209\" src=\"http:\/\/nasodio.com\/home\/wp-content\/uploads\/2019\/06\/Rocio_1.jpg\" alt=\"Rocio_1\" width=\"1920\" height=\"1280\" srcset=\"https:\/\/nasodio.com\/home\/wp-content\/uploads\/2019\/06\/Rocio_1.jpg 1920w, https:\/\/nasodio.com\/home\/wp-content\/uploads\/2019\/06\/Rocio_1-480x320.jpg 480w, https:\/\/nasodio.com\/home\/wp-content\/uploads\/2019\/06\/Rocio_1-768x512.jpg 768w, https:\/\/nasodio.com\/home\/wp-content\/uploads\/2019\/06\/Rocio_1-1200x800.jpg 1200w, https:\/\/nasodio.com\/home\/wp-content\/uploads\/2019\/06\/Rocio_1-405x270.jpg 405w, https:\/\/nasodio.com\/home\/wp-content\/uploads\/2019\/06\/Rocio_1-780x520.jpg 780w, https:\/\/nasodio.com\/home\/wp-content\/uploads\/2019\/06\/Rocio_1-659x439.jpg 659w, https:\/\/nasodio.com\/home\/wp-content\/uploads\/2019\/06\/Rocio_1-1013x675.jpg 1013w, https:\/\/nasodio.com\/home\/wp-content\/uploads\/2019\/06\/Rocio_1-880x587.jpg 880w\" sizes=\"(max-width: 1920px) 100vw, 1920px\" \/>[\/vc_column_text][\/vc_column_inner][\/vc_row_inner][vc_row_inner][vc_column_inner width=&#8221;1\/2&#8243; offset=&#8221;vc_col-xs-6&#8243;][vc_column_text c_id=&#8221;.vc_1560964443385&#8243;]<img loading=\"lazy\" decoding=\"async\" class=\"aligncenter size-full wp-image-2211\" src=\"http:\/\/nasodio.com\/home\/wp-content\/uploads\/2019\/06\/Rocio_3.jpg\" alt=\"Rocio_3\" width=\"1920\" height=\"1280\" srcset=\"https:\/\/nasodio.com\/home\/wp-content\/uploads\/2019\/06\/Rocio_3.jpg 1920w, https:\/\/nasodio.com\/home\/wp-content\/uploads\/2019\/06\/Rocio_3-480x320.jpg 480w, https:\/\/nasodio.com\/home\/wp-content\/uploads\/2019\/06\/Rocio_3-768x512.jpg 768w, https:\/\/nasodio.com\/home\/wp-content\/uploads\/2019\/06\/Rocio_3-1200x800.jpg 1200w, https:\/\/nasodio.com\/home\/wp-content\/uploads\/2019\/06\/Rocio_3-405x270.jpg 405w, https:\/\/nasodio.com\/home\/wp-content\/uploads\/2019\/06\/Rocio_3-780x520.jpg 780w, https:\/\/nasodio.com\/home\/wp-content\/uploads\/2019\/06\/Rocio_3-659x439.jpg 659w, https:\/\/nasodio.com\/home\/wp-content\/uploads\/2019\/06\/Rocio_3-1013x675.jpg 1013w, https:\/\/nasodio.com\/home\/wp-content\/uploads\/2019\/06\/Rocio_3-880x587.jpg 880w\" sizes=\"(max-width: 1920px) 100vw, 1920px\" \/>[\/vc_column_text][\/vc_column_inner][vc_column_inner width=&#8221;1\/2&#8243; offset=&#8221;vc_col-xs-6&#8243;][vc_column_text c_id=&#8221;.vc_1560964459293&#8243;]<img loading=\"lazy\" decoding=\"async\" class=\"aligncenter size-full wp-image-2210\" src=\"http:\/\/nasodio.com\/home\/wp-content\/uploads\/2019\/06\/Rocio_2.jpg\" alt=\"Rocio_2\" width=\"1920\" height=\"1280\" srcset=\"https:\/\/nasodio.com\/home\/wp-content\/uploads\/2019\/06\/Rocio_2.jpg 1920w, https:\/\/nasodio.com\/home\/wp-content\/uploads\/2019\/06\/Rocio_2-480x320.jpg 480w, https:\/\/nasodio.com\/home\/wp-content\/uploads\/2019\/06\/Rocio_2-768x512.jpg 768w, https:\/\/nasodio.com\/home\/wp-content\/uploads\/2019\/06\/Rocio_2-1200x800.jpg 1200w, https:\/\/nasodio.com\/home\/wp-content\/uploads\/2019\/06\/Rocio_2-405x270.jpg 405w, https:\/\/nasodio.com\/home\/wp-content\/uploads\/2019\/06\/Rocio_2-780x520.jpg 780w, https:\/\/nasodio.com\/home\/wp-content\/uploads\/2019\/06\/Rocio_2-659x439.jpg 659w, https:\/\/nasodio.com\/home\/wp-content\/uploads\/2019\/06\/Rocio_2-1013x675.jpg 1013w, https:\/\/nasodio.com\/home\/wp-content\/uploads\/2019\/06\/Rocio_2-880x587.jpg 880w\" sizes=\"(max-width: 1920px) 100vw, 1920px\" \/>[\/vc_column_text][\/vc_column_inner][\/vc_row_inner][vc_row_inner][vc_column_inner width=&#8221;1\/1&#8243; offset=&#8221;vc_col-xs-12&#8243;][vc_column_text c_id=&#8221;.vc_1560964475650&#8243;]<img loading=\"lazy\" decoding=\"async\" class=\"aligncenter size-full wp-image-2215\" src=\"http:\/\/nasodio.com\/home\/wp-content\/uploads\/2019\/06\/Rocio_7.jpg\" alt=\"Rocio_7\" width=\"1920\" height=\"1280\" srcset=\"https:\/\/nasodio.com\/home\/wp-content\/uploads\/2019\/06\/Rocio_7.jpg 1920w, https:\/\/nasodio.com\/home\/wp-content\/uploads\/2019\/06\/Rocio_7-480x320.jpg 480w, https:\/\/nasodio.com\/home\/wp-content\/uploads\/2019\/06\/Rocio_7-768x512.jpg 768w, https:\/\/nasodio.com\/home\/wp-content\/uploads\/2019\/06\/Rocio_7-1200x800.jpg 1200w, https:\/\/nasodio.com\/home\/wp-content\/uploads\/2019\/06\/Rocio_7-405x270.jpg 405w, https:\/\/nasodio.com\/home\/wp-content\/uploads\/2019\/06\/Rocio_7-780x520.jpg 780w, https:\/\/nasodio.com\/home\/wp-content\/uploads\/2019\/06\/Rocio_7-659x439.jpg 659w, https:\/\/nasodio.com\/home\/wp-content\/uploads\/2019\/06\/Rocio_7-1013x675.jpg 1013w, https:\/\/nasodio.com\/home\/wp-content\/uploads\/2019\/06\/Rocio_7-880x587.jpg 880w\" sizes=\"(max-width: 1920px) 100vw, 1920px\" \/>[\/vc_column_text][\/vc_column_inner][\/vc_row_inner][\/vc_column][\/vc_row][vc_row][vc_column width=&#8221;1\/2&#8243; offset=&#8221;vc_col-xs-6&#8243;][vc_column_text c_id=&#8221;.vc_1567549319742&#8243; link_css=&#8221;font-family:Atl;font-size:16px;&#8221;]<\/p>\n<p style=\"text-align: left;\"><a href=\"http:\/\/nasodio.com\/home\/arquipartners\/\"><span style=\"color: #cccccc;\">Arquipartners<\/span><\/a><\/p>\n<p>[\/vc_column_text][\/vc_column][vc_column width=&#8221;1\/2&#8243; offset=&#8221;vc_col-xs-6&#8243;][vc_column_text c_id=&#8221;.vc_1561087268187&#8243; link_css=&#8221;font-family:Atl;font-size:16px;&#8221;]<\/p>\n<p style=\"text-align: right;\"><a href=\"http:\/\/nasodio.com\/home\/a-quien-corresponda\/\"><span style=\"color: #cccccc;\">A quien corresponda<\/span><\/a><\/p>\n<p>[\/vc_column_text][\/vc_column][\/vc_row]<\/p>\n","protected":false},"excerpt":{"rendered":"<p>[vc_row][vc_column width=&#8221;1\/1&#8243;][vc_row_inner el_class=&#8221;fixed&#8221;][vc_column_inner width=&#8221;1\/1&#8243; offset=&#8221;vc_hidden-lg vc_hidden-md vc_hidden-sm&#8221;][vc_column_text c_id=&#8221;.vc_1473786443468&#8243; el_class=&#8221;logocel&#8221;][\/vc_column_text][\/vc_column_inner][\/vc_row_inner][vc_row_inner el_class=&#8221;fixed&#8221;][vc_column_inner width=&#8221;1\/1&#8243; offset=&#8221;vc_hidden-xs&#8221;][vc_column_text c_id=&#8221;.vc_1473786461502&#8243; el_class=&#8221;logo&#8221;][\/vc_column_text][\/vc_column_inner][\/vc_row_inner][vc_row_inner el_class=&#8221;fixed&#8221;][vc_column_inner width=&#8221;1\/1&#8243; offset=&#8221;vc_hidden-xs&#8221;][vc_column_text c_id=&#8221;.vc_1473786370636&#8243; p_css=&#8221;font-family:Stan;color:#000000;&#8221; link_css=&#8221;color:#000000;&#8221; list_css=&#8221;font-family:Stan;color:#000000;font-size:20px;&#8221; el_class=&#8221;men&#8221;] Archive [\/vc_column_text][\/vc_column_inner][\/vc_row_inner][vc_row_inner el_class=&#8221;fixed&#8221;][vc_column_inner width=&#8221;1\/1&#8243; offset=&#8221;vc_hidden-lg vc_hidden-md vc_hidden-sm&#8221;][vc_column_text c_id=&#8221;.vc_1473786404024&#8243; p_css=&#8221;font-family:Stan;color:#000000;&#8221; link_css=&#8221;color:#000000;&#8221; list_css=&#8221;font-family:Stan;color:#000000;font-size:20px;&#8221; el_class=&#8221;menmov&#8221;] Archive [\/vc_column_text][\/vc_column_inner][\/vc_row_inner][vc_row_inner p_top=&#8221;0&#8243; p_bottom=&#8221;0&#8243; m_top=&#8221;0&#8243; m_bottom=&#8221;0&#8243;][vc_column_inner width=&#8221;1\/1&#8243; offset=&#8221;vc_col-xs-12&#8243; css=&#8221;.vc_custom_1509658029675{margin-bottom: 45px !important;}&#8221;][vc_single_image source=&#8221;media_library&#8221; image=&#8221;2216&#8243; alignment=&#8221;center&#8221; img_size=&#8221;full&#8221;][\/vc_column_inner][\/vc_row_inner][vc_row_inner][vc_column_inner width=&#8221;1\/2&#8243; offset=&#8221;vc_col-xs-6&#8243;][vc_column_text c_id=&#8221;.vc_1560964966102&#8243;][\/vc_column_text][\/vc_column_inner][vc_column_inner width=&#8221;1\/2&#8243; offset=&#8221;vc_col-xs-6 vc_hidden-xs&#8221;][vc_column_text [&hellip;]<\/p>\n","protected":false},"author":1,"featured_media":0,"parent":0,"menu_order":0,"comment_status":"closed","ping_status":"closed","template":"","meta":{"footnotes":""},"class_list":["post-2207","page","type-page","status-publish","hentry"],"_links":{"self":[{"href":"https:\/\/nasodio.com\/home\/wp-json\/wp\/v2\/pages\/2207","targetHints":{"allow":["GET"]}}],"collection":[{"href":"https:\/\/nasodio.com\/home\/wp-json\/wp\/v2\/pages"}],"about":[{"href":"https:\/\/nasodio.com\/home\/wp-json\/wp\/v2\/types\/page"}],"author":[{"embeddable":true,"href":"https:\/\/nasodio.com\/home\/wp-json\/wp\/v2\/users\/1"}],"replies":[{"embeddable":true,"href":"https:\/\/nasodio.com\/home\/wp-json\/wp\/v2\/comments?post=2207"}],"version-history":[{"count":0,"href":"https:\/\/nasodio.com\/home\/wp-json\/wp\/v2\/pages\/2207\/revisions"}],"wp:attachment":[{"href":"https:\/\/nasodio.com\/home\/wp-json\/wp\/v2\/media?parent=2207"}],"curies":[{"name":"wp","href":"https:\/\/api.w.org\/{rel}","templated":true}]}}